{"id":113,"date":"2017-03-29T17:42:18","date_gmt":"2017-03-29T23:42:18","guid":{"rendered":"https:\/\/lgfirm.com\/?page_id=113"},"modified":"2025-02-07T15:38:37","modified_gmt":"2025-02-07T21:38:37","slug":"alianza-internacional","status":"publish","type":"page","link":"https:\/\/lgfirm.com\/en\/alianza-internacional\/","title":{"rendered":"International Alliance"},"content":{"rendered":"<p style=\"text-align: justify;\"><strong><b><br \/>\n<img loading=\"lazy\" decoding=\"async\" class=\"size-full wp-image-178 alignright\" src=\"https:\/\/lgfirm.com\/wp-content\/uploads\/alianza.jpg\" alt=\"Alianza\" width=\"285\" height=\"256\" \/><\/b><\/strong>Nuestra alianzas internacionales, nos brinda mejores opciones de apoyo profesional para nuestros clientes en todo el mundo.<\/p>\n<p><strong><b>Experiencia Internacional.<\/b><\/strong><\/p>\n<p style=\"text-align: justify;\">Para brindar mayor calidad en nuestros servicios \u00a0profesionales, alrededor del mundo, LG Firm S.C. cuenta con apoyo profesional en distintos paises \u00a0con asesores legales, contables y financieros.<\/p>\n<p>Nuestro network le puede brindar:<\/p>\n<ul>\n<li>Experiencia y confianza para iniciar una buena relaci\u00f3n en el manejo de negocios.<\/li>\n<li>Conocimiento legal de c\u00f3mo hacer negocios en cada pa\u00eds.<\/li>\n<li>Honorarios competitivos, acorde a la experiencia de cada profesional.<\/li>\n<li>Conocimiento en el sistema tributario y planeaci\u00f3n de negocios<\/li>\n<li>Contacto directo con profesionales \u00a0expertos y con amplia experiencia.<\/li>\n<\/ul>\n<p>Como LG Firm, S.C. puede ayudarle en negocios internacionales.<\/p>\n<p>Teniendo socios internacionales, \u00a0LG Firm S.C. puede brindarle:<\/p>\n<ul>\n<li>Creaci\u00f3n de off shore, sociedades an\u00f3nimas, sucursales, empresas de servicios y manejo de empresas.<\/li>\n<li>Trademark registration.<\/li>\n<li>Control en pago de impuestos<\/li>\n<li>Conocimiento en la cultura de negocios en cada pa\u00eds, algo que har\u00e1 la diferencia para un mayor \u00e9xito en sus negocios.<\/li>\n<\/ul>\n<p><strong><b>!!!!Si est\u00e1 pensando en crear una empresa en otro pa\u00eds,<\/b><\/strong><strong><b>\u00a0no dude en contactarnos ser\u00e1 un gusto atenderle!!!!!!<\/b><\/strong><\/p>","protected":false},"excerpt":{"rendered":"<p>Nuestra alianzas internacionales, nos brinda mejores opciones de apoyo profesional para nuestros clientes en todo el mundo. Experiencia Internacional. Para brindar mayor calidad en nuestros servicios \u00a0profesionales, alrededor del mundo, LG Firm S.C. cuenta con apoyo profesional en distintos paises \u00a0con asesores legales, contables y financieros. Nuestro network le puede brindar: Experiencia y confianza para [&hellip;]<\/p>","protected":false},"author":1,"featured_media":0,"parent":0,"menu_order":0,"comment_status":"closed","ping_status":"closed","template":"","meta":{"_themeisle_gutenberg_block_has_review":false,"footnotes":""},"_links":{"self":[{"href":"https:\/\/lgfirm.com\/en\/wp-json\/wp\/v2\/pages\/113"}],"collection":[{"href":"https:\/\/lgfirm.com\/en\/wp-json\/wp\/v2\/pages"}],"about":[{"href":"https:\/\/lgfirm.com\/en\/wp-json\/wp\/v2\/types\/page"}],"author":[{"embeddable":true,"href":"https:\/\/lgfirm.com\/en\/wp-json\/wp\/v2\/users\/1"}],"replies":[{"embeddable":true,"href":"https:\/\/lgfirm.com\/en\/wp-json\/wp\/v2\/comments?post=113"}],"version-history":[{"count":25,"href":"https:\/\/lgfirm.com\/en\/wp-json\/wp\/v2\/pages\/113\/revisions"}],"predecessor-version":[{"id":1945,"href":"https:\/\/lgfirm.com\/en\/wp-json\/wp\/v2\/pages\/113\/revisions\/1945"}],"wp:attachment":[{"href":"https:\/\/lgfirm.com\/en\/wp-json\/wp\/v2\/media?parent=113"}],"curies":[{"name":"wp","href":"https:\/\/api.w.org\/{rel}","templated":true}]}}