{"id":1702,"date":"2023-10-29T19:01:56","date_gmt":"2023-10-30T01:01:56","guid":{"rendered":"https:\/\/lgfirm.com\/?page_id=1702"},"modified":"2023-10-29T22:28:34","modified_gmt":"2023-10-30T04:28:34","slug":"valuacion-de-empresas-2","status":"publish","type":"page","link":"https:\/\/lgfirm.com\/en\/valuacion-de-empresas-2\/","title":{"rendered":"BUSINESS VALUATION"},"content":{"rendered":"<body>\n    <div class=\"container\" style=\"text-align: justify; overflow: hidden; max-width: 100%;\">\n        <section id=\"que-es-auditoria\">\n            <h1 style=\"font-size: 36px; color: #6D0F0F; text-align: center;\">BUSINESS VALUATION <\/h1>\n            <p style=\"font-size: 18px; color: #333; margin-top: 20px; text-align: justify;  max-width: 100%;\">\n                <i>Do you know the true economic value of your company? Are you considering buying or selling company shares and feeling lost in determining an appropriate value?<\/i>\n            <\/p>\n        <\/section>\n        \n        <section id=\"proceso\">\n            <h2 style=\"font-size: 24px; color: #6D0F0F; margin-top: 40px;\">We have the answers you need.<\/h2>\n            <p style=\"font-size: 18px; color: #333; margin-top: 20px;\">\n                At LGFirm S.C., we understand that business valuation is a crucial part of financial decision-making. It is key to differentiate between Value and Price:\n            <\/p>\n <ul style=\"font-size: 18px; color: #333; margin-left: 20px;\">\n                <li><b>Value:<\/b> It represents the possibilities and latent opportunities in your company.<\/li>\n                <li><b>Price:<\/b> It is the tangible reality, the result of a negotiation process.<\/li>\n               \n            <\/ul>\n        <\/section>\n        \n        <section id=\"reportes\">\n            <h2 style=\"font-size: 24px; color: #6D0F0F; margin-top: 40px;\">Why choose us?<\/h2>\n            <p style=\"font-size: 18px; color: #333; margin-top: 20px;\">\n                With over 30 years of experience, our team of experts is ready to help you clarify all your doubts and carry out an accurate valuation of your company. Our services include:\n            <\/p>\n            <ul style=\"font-size: 18px; color: #333; margin-left: 20px;\">\n                <li><b>Comprehensive Business Valuation:<\/b> We meticulously evaluate all the financial, operational, and strategic aspects of your company.<\/li>\n                <li><b>Buying and Selling of Shares:<\/b> If you are considering buying or selling shares, we will provide you with a solid and well-founded valuation.<\/li>\n                <li><b>Real Economic Value:<\/b> We uncover the true potential and underlying economic value of your company.<\/li>\n                <li><b>Advice on Negotiations:<\/b> We help you make informed decisions during the negotiation process.<\/li>\n                \n            <\/ul>\n        <\/section>\n        <section id=\"necesidad-contratacion\">\n            <h2 style=\"font-size: 24px; color: #6D0F0F; margin-top: 40px;\">Don't let uncertainty hold you back.<\/h2>\n            <p style=\"font-size: 18px; color: #333; margin-top: 20px;\">\n                LGFirm S.C. is your reliable partner in business valuation. We provide you with accurate and reliable information so you can make informed financial decisions.\n            <\/p>\n<h2 style=\"font-size: 24px; color: #6D0F0F; margin-top: 40px;\">Contact Us<\/h2>\n<p style=\"font-size: 18px; color: #333; margin-top: 20px;\">\n            We cordially invite you to click on the contact button for more information or to resolve any queries you may have about our services. <b>COMPANY VALUATION SERVICES<\/b>We warmly invite you to click the contact button for more information or to address any queries you may have.\n\nAdditionally, you can reach us directly by phone using the following numbers: 2332-4011 and 2234-6552. If you prefer WhatsApp communication, feel free to message us at 4680-6223, where we'll be delighted to assist you.\n\nWe look forward to serving you and aiding in any way you need. Please do not hesitate to get in touch with us.\n            <\/p>\n        <\/section>\n    <\/div>\n<\/body>\n\n\n\n<style>\n.custom-button {\n    display: inline-block;\n    padding: 10px 30px;\n    background-color: #6D0F0F; \/* Color de fondo predeterminado *\/\n    color: #fff; \/* Color de texto predeterminado *\/\n    text-decoration: none;\n    border-radius: 5px;\n    font-size: 25; \/* Tama\u00f1o de fuente m\u00e1s grande *\/\n    transition: color 0.3s, background-color 0.3s; \/* Transiciones suaves *\/\n}\n\n.custom-button:hover {\n    background-color: #000; \/* Cambia el color de fondo al pasar el mouse *\/\n    color: #fff; \/* Cambia el color del texto al pasar el mouse *\/\n}\n\n.custom-button:active {\n    background-color: #000; \/* Cambia el color de fondo al hacer clic *\/\n    color: #fff; \/* Cambia el color del texto al hacer clic *\/\n}\n\n<\/style>\n<div style=\"text-align: center; font-size: 25;\">\n    <a href=\"https:\/\/lgfirm.com\/en\/comuniquese-con-nosotros\/\" class=\"custom-button\">Go to the contact page.<\/a>\n<\/div>","protected":false},"excerpt":{"rendered":"<p>VALUACI\u00d3N DE EMPRESAS \u00bfConoce el verdadero valor econ\u00f3mico de su empresa? \u00bfEst\u00e1 considerando la compra o venta de acciones de una empresa y se encuentra perdido en la determinaci\u00f3n de un valor adecuado? Nosotros tenemos las respuestas que necesita. En LGFirm S.C., comprendemos que la valoraci\u00f3n de empresas es una parte crucial de la toma [&hellip;]<\/p>","protected":false},"author":1,"featured_media":0,"parent":0,"menu_order":0,"comment_status":"closed","ping_status":"closed","template":"","meta":{"_themeisle_gutenberg_block_has_review":false,"footnotes":""},"_links":{"self":[{"href":"https:\/\/lgfirm.com\/en\/wp-json\/wp\/v2\/pages\/1702"}],"collection":[{"href":"https:\/\/lgfirm.com\/en\/wp-json\/wp\/v2\/pages"}],"about":[{"href":"https:\/\/lgfirm.com\/en\/wp-json\/wp\/v2\/types\/page"}],"author":[{"embeddable":true,"href":"https:\/\/lgfirm.com\/en\/wp-json\/wp\/v2\/users\/1"}],"replies":[{"embeddable":true,"href":"https:\/\/lgfirm.com\/en\/wp-json\/wp\/v2\/comments?post=1702"}],"version-history":[{"count":8,"href":"https:\/\/lgfirm.com\/en\/wp-json\/wp\/v2\/pages\/1702\/revisions"}],"predecessor-version":[{"id":1757,"href":"https:\/\/lgfirm.com\/en\/wp-json\/wp\/v2\/pages\/1702\/revisions\/1757"}],"wp:attachment":[{"href":"https:\/\/lgfirm.com\/en\/wp-json\/wp\/v2\/media?parent=1702"}],"curies":[{"name":"wp","href":"https:\/\/api.w.org\/{rel}","templated":true}]}}