{"id":1704,"date":"2023-10-29T19:01:57","date_gmt":"2023-10-30T01:01:57","guid":{"rendered":"https:\/\/lgfirm.com\/?page_id=1704"},"modified":"2023-10-29T23:02:15","modified_gmt":"2023-10-30T05:02:15","slug":"precios-de-transferencia","status":"publish","type":"page","link":"https:\/\/lgfirm.com\/en\/precios-de-transferencia\/","title":{"rendered":"TRANSFER PRICING"},"content":{"rendered":"<body>\n    <div class=\"container\" style=\"text-align: justify; overflow: hidden; max-width: 100%;\">\n        <section id=\"que-es-auditoria\">\n            <h1 style=\"font-size: 36px; color: #6D0F0F; text-align: center;\">TRANSFER PRICING <\/h1>\n            <p style=\"font-size: 18px; color: #333; margin-top: 20px; text-align: justify;  max-width: 100%;\">\n                \n            <\/p>\n        <\/section>\n        \n        <section id=\"proceso\">\n            <h2 style=\"font-size: 24px; color: #6D0F0F; margin-top: 40px;\"><\/h2>\n            <p style=\"font-size: 18px; color: #333; margin-top: 20px;\">\n                \n            <\/p>\n        <\/section>\n        \n        <section id=\"reportes\">\n            <h2 style=\"font-size: 24px; color: #6D0F0F; margin-top: 40px;\"><\/h2>\n            <p style=\"font-size: 18px; color: #333; margin-top: 20px;\">\n                \n            <\/p>\n            <ul style=\"font-size: 18px; color: #333; margin-left: 20px;\">\n              <\/li>\n            <\/ul>\n        <\/section>\n        <section id=\"necesidad-contratacion\">\n            <h2 style=\"font-size: 24px; color: #6D0F0F; margin-top: 40px;\"><\/h2>\n            <p style=\"font-size: 18px; color: #333; margin-top: 20px;\">\n               \n            <\/p>\n<h2 style=\"font-size: 24px; color: #6D0F0F; margin-top: 40px;\">Contact Us<\/h2>\n<p style=\"font-size: 18px; color: #333; margin-top: 20px;\">\n            We cordially invite you to click on the contact button to obtain more information or address any inquiries you may have about our <b>TRANSFER PRICING<\/b>We warmly invite you to click the contact button for more information or to address any queries you may have.\n\nAdditionally, you can reach us directly by phone using the following numbers: 2332-4011 and 2234-6552. If you prefer WhatsApp communication, feel free to message us at 4680-6223, where we'll be delighted to assist you.\n\nWe look forward to serving you and aiding in any way you need. Please do not hesitate to get in touch with us.\n            <\/p>\n        <\/section>\n    <\/div>\n<\/body>\n\n\n\n<style>\n.custom-button {\n    display: inline-block;\n    padding: 10px 30px;\n    background-color: #6D0F0F; \/* Color de fondo predeterminado *\/\n    color: #fff; \/* Color de texto predeterminado *\/\n    text-decoration: none;\n    border-radius: 5px;\n    font-size: 25; \/* Tama\u00f1o de fuente m\u00e1s grande *\/\n    transition: color 0.3s, background-color 0.3s; \/* Transiciones suaves *\/\n}\n\n.custom-button:hover {\n    background-color: #000; \/* Cambia el color de fondo al pasar el mouse *\/\n    color: #fff; \/* Cambia el color del texto al pasar el mouse *\/\n}\n\n.custom-button:active {\n    background-color: #000; \/* Cambia el color de fondo al hacer clic *\/\n    color: #fff; \/* Cambia el color del texto al hacer clic *\/\n}\n\n<\/style>\n<div style=\"text-align: center; font-size: 25;\">\n    <a href=\"https:\/\/lgfirm.com\/en\/comuniquese-con-nosotros\/\" class=\"custom-button\">Go to the contact page.<\/a>\n<\/div>","protected":false},"excerpt":{"rendered":"<p>PRECIOS DE TRANSFERENCIA Comun\u00edquese Con Nosotros Le invitamos cordialmente a que haga clic en el bot\u00f3n de contacto para obtener m\u00e1s informaci\u00f3n o resolver cualquier consulta que pueda tener sobre nuestro SERVICIO PRECIOS DE TRANSFERENCIA. Adem\u00e1s, puede contactarnos directamente por tel\u00e9fono a trav\u00e9s de los siguientes n\u00fameros: 2332-4011 y 2234-6552. Si prefiere una comunicaci\u00f3n por [&hellip;]<\/p>","protected":false},"author":1,"featured_media":0,"parent":0,"menu_order":0,"comment_status":"closed","ping_status":"closed","template":"","meta":{"_themeisle_gutenberg_block_has_review":false,"footnotes":""},"_links":{"self":[{"href":"https:\/\/lgfirm.com\/en\/wp-json\/wp\/v2\/pages\/1704"}],"collection":[{"href":"https:\/\/lgfirm.com\/en\/wp-json\/wp\/v2\/pages"}],"about":[{"href":"https:\/\/lgfirm.com\/en\/wp-json\/wp\/v2\/types\/page"}],"author":[{"embeddable":true,"href":"https:\/\/lgfirm.com\/en\/wp-json\/wp\/v2\/users\/1"}],"replies":[{"embeddable":true,"href":"https:\/\/lgfirm.com\/en\/wp-json\/wp\/v2\/comments?post=1704"}],"version-history":[{"count":2,"href":"https:\/\/lgfirm.com\/en\/wp-json\/wp\/v2\/pages\/1704\/revisions"}],"predecessor-version":[{"id":1759,"href":"https:\/\/lgfirm.com\/en\/wp-json\/wp\/v2\/pages\/1704\/revisions\/1759"}],"wp:attachment":[{"href":"https:\/\/lgfirm.com\/en\/wp-json\/wp\/v2\/media?parent=1704"}],"curies":[{"name":"wp","href":"https:\/\/api.w.org\/{rel}","templated":true}]}}