{"id":678,"date":"2020-04-16T11:32:37","date_gmt":"2020-04-16T17:32:37","guid":{"rendered":"https:\/\/lgfirm.com\/?post_type=product&#038;p=678"},"modified":"2022-05-30T17:18:42","modified_gmt":"2022-05-30T23:18:42","slug":"solicitudvacaciones","status":"publish","type":"product","link":"https:\/\/lgfirm.com\/en\/product\/solicitudvacaciones\/","title":{"rendered":"Solicitud Vacaciones"},"content":{"rendered":"<h3>Solicitud Vacaciones<\/h3>\n<p>Crisis en la relaci\u00f3n laboral, situaci\u00f3n complicada para el tratamiento con personal de apoyo.<\/p>\n<p><strong>Que hacer?<\/strong><\/p>\n<p>La mayor\u00eda de empresas est\u00e1n teniendo esos problemas para el manejo formal y adecuado a los momentos que est\u00e1 viviendo el pa\u00eds, raz\u00f3n por la cual es necesario tomar acciones inmediatas dentro de un marco eminentemente legal y de acuerdo a la situaci\u00f3n de cada empresa.<\/p>\n<p><strong>Opciones:<\/strong><\/p>\n<ul>\n<li>Termino la relaci\u00f3n laboral?<\/li>\n<li>Los mando de vacaciones?<\/li>\n<li>Realizo una suspensi\u00f3n temporal de labores?<\/li>\n<li>Les doy transporte y que trabajen medio tiempo?<\/li>\n<li>Como manejo el pago de salarios si las personas no est\u00e1n trabajando y en otros casos trabajas a distancia a tiempo parcial?<\/li>\n<\/ul>\n<p><strong>LG Firm, S.C.<\/strong> consciente de esta situaci\u00f3n y con la experiencia de m\u00e1s de 25 a\u00f1os en el mercado de auditoria y asesor\u00eda empresarial laboral y tributaria, ha realizado los siguientes formatos legales que el pueden servir para documentar las decisiones irregulares que puedan estar tomando en la relaci\u00f3n laboral que se tiene con sus colaboradores.<\/p>\n<p><strong>Formatos disponibles<\/strong><\/p>\n<ul>\n<li>Acuerdo de finalizaci\u00f3n de trabajo de mutuo acuerdo.<\/li>\n<li>Carta expreso de alteraci\u00f3n de condiciones de trabajo para laboral media jornada.<\/li>\n<li>Acuerdo expreso de alteraci\u00f3n de condiciones de trabajo para laborar por horas.<\/li>\n<li>Acuerdo expreso de alteraci\u00f3n de condiciones de trabajo suspensi\u00f3n temporal individual de las condiciones de trabajo.<\/li>\n<\/ul>","protected":false},"excerpt":{"rendered":"<p>Solicitud Vacaciones Crisis en la relaci\u00f3n laboral, situaci\u00f3n complicada para el tratamiento con personal de apoyo. Que hacer? La mayor\u00eda de empresas est\u00e1n teniendo esos problemas para el manejo formal y adecuado a los momentos que est\u00e1 viviendo el pa\u00eds, raz\u00f3n por la cual es necesario tomar acciones inmediatas dentro de un marco eminentemente legal [&hellip;]<\/p>","protected":false},"featured_media":685,"template":"","meta":{"_themeisle_gutenberg_block_has_review":false},"product_cat":[46],"product_tag":[],"_links":{"self":[{"href":"https:\/\/lgfirm.com\/en\/wp-json\/wp\/v2\/product\/678"}],"collection":[{"href":"https:\/\/lgfirm.com\/en\/wp-json\/wp\/v2\/product"}],"about":[{"href":"https:\/\/lgfirm.com\/en\/wp-json\/wp\/v2\/types\/product"}],"wp:featuredmedia":[{"embeddable":true,"href":"https:\/\/lgfirm.com\/en\/wp-json\/wp\/v2\/media\/685"}],"wp:attachment":[{"href":"https:\/\/lgfirm.com\/en\/wp-json\/wp\/v2\/media?parent=678"}],"wp:term":[{"taxonomy":"product_cat","embeddable":true,"href":"https:\/\/lgfirm.com\/en\/wp-json\/wp\/v2\/product_cat?post=678"},{"taxonomy":"product_tag","embeddable":true,"href":"https:\/\/lgfirm.com\/en\/wp-json\/wp\/v2\/product_tag?post=678"}],"curies":[{"name":"wp","href":"https:\/\/api.w.org\/{rel}","templated":true}]}}