{"id":717,"date":"2020-08-27T12:41:24","date_gmt":"2020-08-27T18:41:24","guid":{"rendered":"https:\/\/lgfirm.com\/?post_type=product&#038;p=717"},"modified":"2020-08-27T12:41:25","modified_gmt":"2020-08-27T18:41:25","slug":"iyamoodle","status":"publish","type":"product","link":"https:\/\/lgfirm.com\/en\/product\/iyamoodle\/","title":{"rendered":"Instalaci\u00f3n y administracion de moodle"},"content":{"rendered":"<p>Beneficios:<\/p>\n<ul>\n<li>Descargar la \u00faltima versi\u00f3n de Moodle de la p\u00e1gina oficial.<\/li>\n<li>Configurar un servidor web en la nube AWS en Linux.<\/li>\n<li>Instalar Moodle en Linux.<\/li>\n<li>Cambiar apariencia a Moodle.<\/li>\n<li>Crear categor\u00edas y cursos.<\/li>\n<li>Registrar usuarios.<\/li>\n<li>Instalar m\u00f3dulos externos.<\/li>\n<li>Agregar idiomas.<\/li>\n<li>Habilitar App para dispositivos m\u00f3viles.<\/li>\n<li>Configurar pol\u00edticas del sitio.<\/li>\n<li>Configurar correo entrante y saliente.<\/li>\n<li>Configurar anal\u00edtica.<\/li>\n<\/ul>\n<p>Recomendaciones:<\/p>\n<p>Se recomienda que el participante de este curso disponga de una computadora con sistema operativo Windows, Mac OS o Linux, tambi\u00e9n que tenga conocimientos b\u00e1sicos de html.<\/p>","protected":false},"excerpt":{"rendered":"<p>Este curso de Moodle te dar\u00e1 los conocimientos esenciales para instalar, configurar y gestionar un portal de formaci\u00f3n en l\u00ednea con Moodle, con este curso aprender\u00e1s a poner en marcha un muy poco tiempo tus cursos en l\u00ednea, involucrando a m\u00e1s de un administrador, profesores y por supuesto los estudiantes en un solo lugar.<\/p>\n<p>Este curso de Moodle para administradores va dirigido a docentes o personas que quieran implementar un LMS como Moodle desde su descarga, instalaci\u00f3n y configuraci\u00f3n b\u00e1sica.<\/p>","protected":false},"featured_media":723,"template":"","meta":{"_themeisle_gutenberg_block_has_review":false},"product_cat":[45],"product_tag":[],"_links":{"self":[{"href":"https:\/\/lgfirm.com\/en\/wp-json\/wp\/v2\/product\/717"}],"collection":[{"href":"https:\/\/lgfirm.com\/en\/wp-json\/wp\/v2\/product"}],"about":[{"href":"https:\/\/lgfirm.com\/en\/wp-json\/wp\/v2\/types\/product"}],"wp:featuredmedia":[{"embeddable":true,"href":"https:\/\/lgfirm.com\/en\/wp-json\/wp\/v2\/media\/723"}],"wp:attachment":[{"href":"https:\/\/lgfirm.com\/en\/wp-json\/wp\/v2\/media?parent=717"}],"wp:term":[{"taxonomy":"product_cat","embeddable":true,"href":"https:\/\/lgfirm.com\/en\/wp-json\/wp\/v2\/product_cat?post=717"},{"taxonomy":"product_tag","embeddable":true,"href":"https:\/\/lgfirm.com\/en\/wp-json\/wp\/v2\/product_tag?post=717"}],"curies":[{"name":"wp","href":"https:\/\/api.w.org\/{rel}","templated":true}]}}