{"id":727,"date":"2020-08-27T12:38:21","date_gmt":"2020-08-27T18:38:21","guid":{"rendered":"https:\/\/lgfirm.com\/?post_type=product&#038;p=727"},"modified":"2020-08-27T12:38:21","modified_gmt":"2020-08-27T18:38:21","slug":"iycchamilo","status":"publish","type":"product","link":"https:\/\/lgfirm.com\/en\/product\/iycchamilo\/","title":{"rendered":"Instalaci\u00f3n y configuraci\u00f3n de Chamilo"},"content":{"rendered":"<p>Por medio de este curso recibir\u00e1s variedad de beneficios:<\/p>\n<ul>\n<li>Descargar la \u00faltima versi\u00f3n de Chamilo de la p\u00e1gina oficial.<\/li>\n<li>Instalar Chamilo en Linux.<\/li>\n<li>Cambiar apariencia a Chamilo.<\/li>\n<li>Crear categor\u00edas y cursos.<\/li>\n<li>Registrar usuarios.<\/li>\n<li>Instalar m\u00f3dulos externos.<\/li>\n<\/ul>\n<p>Recomendaciones:<\/p>\n<p>Se recomienda que el participante de este curso disponga de una computadora con sistema operativo Windows, Mac OS o Linux, tambi\u00e9n que tenga conocimientos b\u00e1sicos de AWS y Linux.<\/p>","protected":false},"excerpt":{"rendered":"<p>Este webinar de Chamilo te dar\u00e1 los conocimientos esenciales para instalar, configurar y gestionar un portal de formaci\u00f3n en l\u00ednea, con este webinar aprender\u00e1s a poner en marcha un muy poco tiempo tus cursos en l\u00ednea, involucrando a m\u00e1s de un administrador, profesores y por supuesto los estudiantes en un solo lugar.<\/p>\n<p>Este webinar de Chamilo va dirigido a administradores, docentes o personas que quieran implementar un LMS como Chamilo desde su descarga, instalaci\u00f3n y configuraci\u00f3n b\u00e1sica.<\/p>","protected":false},"featured_media":728,"template":"","meta":{"_themeisle_gutenberg_block_has_review":false},"product_cat":[45],"product_tag":[],"_links":{"self":[{"href":"https:\/\/lgfirm.com\/en\/wp-json\/wp\/v2\/product\/727"}],"collection":[{"href":"https:\/\/lgfirm.com\/en\/wp-json\/wp\/v2\/product"}],"about":[{"href":"https:\/\/lgfirm.com\/en\/wp-json\/wp\/v2\/types\/product"}],"wp:featuredmedia":[{"embeddable":true,"href":"https:\/\/lgfirm.com\/en\/wp-json\/wp\/v2\/media\/728"}],"wp:attachment":[{"href":"https:\/\/lgfirm.com\/en\/wp-json\/wp\/v2\/media?parent=727"}],"wp:term":[{"taxonomy":"product_cat","embeddable":true,"href":"https:\/\/lgfirm.com\/en\/wp-json\/wp\/v2\/product_cat?post=727"},{"taxonomy":"product_tag","embeddable":true,"href":"https:\/\/lgfirm.com\/en\/wp-json\/wp\/v2\/product_tag?post=727"}],"curies":[{"name":"wp","href":"https:\/\/api.w.org\/{rel}","templated":true}]}}