{"id":729,"date":"2020-08-27T12:46:07","date_gmt":"2020-08-27T18:46:07","guid":{"rendered":"https:\/\/lgfirm.com\/?post_type=product&#038;p=729"},"modified":"2020-08-27T12:48:10","modified_gmt":"2020-08-27T18:48:10","slug":"gte-learning","status":"publish","type":"product","link":"https:\/\/lgfirm.com\/en\/product\/gte-learning\/","title":{"rendered":"Gesti\u00f3n de tecnolog\u00edas para e-learning"},"content":{"rendered":"<p>Objetivo:<\/p>\n<p>El curso tiene como objetivo que los alumnos logren:<\/p>\n<ul>\n<li>Conocer los aspectos tecnol\u00f3gicos del e-learning<\/li>\n<li>Seleccionar tecnolog\u00edas acordes con los proyectos a implementar<\/li>\n<li>Emplear lenguaje t\u00e9cnico espec\u00edfico.<\/li>\n<li>Conocer aspectos sobre Gesti\u00f3n \u00c1gil de Proyectos<\/li>\n<\/ul>\n<p>Recomendaciones:<\/p>\n<p>Se recomienda que el participante de este curso disponga de una computadora con sistema operativo Windows, Mac OS o Linux, tambi\u00e9n que tenga conocimientos b\u00e1sicos de AWS, Linux y SCRUM.<\/p>\n<p>&nbsp;<\/p>","protected":false},"excerpt":{"rendered":"<p>Este curso est\u00e1 enfocado al conocimiento de los aspectos tecnol\u00f3gicos de la implementaci\u00f3n de un proyecto de e-learning en una organizaci\u00f3n (empresa, instituci\u00f3n educativa, emprendimiento individual).<\/p>\n<p>Este curso va dirigido para especialistas en tecnolog\u00edas,\u00a0directores y l\u00edderes de proyectos de e-learning, profesionales involucrados en el desarrollo de cursos y plataformas (LMS), asesores en implementaci\u00f3n de proyectos virtuales.<\/p>","protected":false},"featured_media":721,"template":"","meta":{"_themeisle_gutenberg_block_has_review":false},"product_cat":[45],"product_tag":[],"_links":{"self":[{"href":"https:\/\/lgfirm.com\/en\/wp-json\/wp\/v2\/product\/729"}],"collection":[{"href":"https:\/\/lgfirm.com\/en\/wp-json\/wp\/v2\/product"}],"about":[{"href":"https:\/\/lgfirm.com\/en\/wp-json\/wp\/v2\/types\/product"}],"wp:featuredmedia":[{"embeddable":true,"href":"https:\/\/lgfirm.com\/en\/wp-json\/wp\/v2\/media\/721"}],"wp:attachment":[{"href":"https:\/\/lgfirm.com\/en\/wp-json\/wp\/v2\/media?parent=729"}],"wp:term":[{"taxonomy":"product_cat","embeddable":true,"href":"https:\/\/lgfirm.com\/en\/wp-json\/wp\/v2\/product_cat?post=729"},{"taxonomy":"product_tag","embeddable":true,"href":"https:\/\/lgfirm.com\/en\/wp-json\/wp\/v2\/product_tag?post=729"}],"curies":[{"name":"wp","href":"https:\/\/api.w.org\/{rel}","templated":true}]}}